{"id":9725,"date":"2020-10-25T20:20:51","date_gmt":"2020-10-25T19:20:51","guid":{"rendered":"https:\/\/shop.weingut-ludwig-doering.de\/?post_type=product&#038;p=9725"},"modified":"2026-04-03T21:46:13","modified_gmt":"2026-04-03T19:46:13","slug":"pfaelzer-traubensaft","status":"publish","type":"product","link":"https:\/\/shop.weingut-ludwig-doering.de\/?product=pfaelzer-traubensaft","title":{"rendered":"Pf\u00e4lzer Traubensaft"},"content":{"rendered":"\t\t<div data-elementor-type=\"wp-post\" data-elementor-id=\"9725\" class=\"elementor elementor-9725\">\n\t\t\t\t\t\t<div class=\"elementor-inner\">\n\t\t\t\t<div class=\"elementor-section-wrap\">\n\t\t\t\t\t\t\t\t\t<section class=\"wd-negative-gap elementor-section elementor-top-section elementor-element elementor-element-7f44d388 elementor-section-content-top elementor-section-boxed elementor-section-height-default elementor-section-height-default wd-section-disabled\" data-id=\"7f44d388\" data-element_type=\"section\">\n\t\t\t\t\t\t<div class=\"elementor-container elementor-column-gap-extended\">\n\t\t\t\t\t\t\t<div class=\"elementor-row\">\n\t\t\t\t\t<div class=\"elementor-column elementor-col-66 elementor-top-column elementor-element elementor-element-e67b01c\" data-id=\"e67b01c\" data-element_type=\"column\">\n\t\t\t<div class=\"elementor-column-wrap elementor-element-populated\">\n\t\t\t\t\t\t\t<div class=\"elementor-widget-wrap\">\n\t\t\t\t\t\t<div class=\"elementor-element elementor-element-5915ad8a color-scheme-inherit text-left elementor-widget elementor-widget-text-editor\" data-id=\"5915ad8a\" data-element_type=\"widget\" data-widget_type=\"text-editor.default\">\n\t\t\t\t<div class=\"elementor-widget-container\">\n\t\t\t\t\t\t\t\t<div class=\"elementor-text-editor elementor-clearfix\">\n\t\t\t\t<h1 style=\"font-style: normal; font-variant-ligatures: normal; font-variant-caps: normal; text-align: center;\">Unsere Lagen<\/h1><h5 style=\"font-style: normal; font-variant-ligatures: normal; font-variant-caps: normal; text-align: center;\">Die Lagen vom Weingut Ludwig D\u00f6ring befinden sich ausschlie\u00dflich im Raum Neustadt, vorwiegend in den Gemarkungen der Neustadter Stadtteile Hambach und Diedesfeld. Der Gro\u00dfteil der Weinberge befindet sich leicht am Hang in Richtung Ebene leicht abfallend. Ein keiner Teil ist terrassiert bzw. in Hanglage. Die Lagennamen lauten: Hambacher Schlo\u00dfberg, Hambacher R\u00f6merbrunnen und Diedesfelder Berg und gliedern sich noch in Katasterlagen auf. Die Weine wachsen auf verschiedenen B\u00f6den: vom sandigen Kies auf Buntsandsteinverwitterungsb\u00f6den oder Letten (sandigen Ton mit Beimengung von Kalk, das Sediment ist von grauer Farbe) und auf sandigem Lehm.<\/h5>\t\t\t\t\t<\/div>\n\t\t\t\t\t\t<\/div>\n\t\t\t\t<\/div>\n\t\t\t\t<div class=\"elementor-element elementor-element-78ebea52 color-scheme-inherit text-left elementor-widget elementor-widget-text-editor\" data-id=\"78ebea52\" data-element_type=\"widget\" data-widget_type=\"text-editor.default\">\n\t\t\t\t<div class=\"elementor-widget-container\">\n\t\t\t\t\t\t\t\t<div class=\"elementor-text-editor elementor-clearfix\">\n\t\t\t\t<h1 style=\"font-style: normal; font-variant-ligatures: normal; font-variant-caps: normal; text-align: center;\">Das Weingut | Die Geschichte<\/h1><h5 style=\"font-style: normal; font-variant-ligatures: normal; font-variant-caps: normal; text-align: center;\">Das Weingut Ludwig D\u00f6ring wird bereits in der 6. Generation gef\u00fchrt. Schon um 1850 kam Friedrich D\u00f6ring nach Hambach und gr\u00fcndetet das Weingut als Teil eines landwirtschaftlichen Mischbetriebes in der Andergasse am Fu\u00dfe des Hambacher Schlosses. 1968 startete Ludwig D\u00f6ring, der Namensgeber des Weinguts, mit der Flaschenweinerzeugung. Er war es auch, der den Betrieb in Zusammenarbeit mit seinem Sohn Erich D\u00f6ring zum reinen Weingut umgestaltete. Seit 2003 arbeitet Michael D\u00f6ring als Jungwinzer Weingut mit. 2015 hat er das Weingut von seinem Vater Erich \u00fcbernommen und bewirtschaftet das Weingut somit in der 6. Generation.<\/h5>\t\t\t\t\t<\/div>\n\t\t\t\t\t\t<\/div>\n\t\t\t\t<\/div>\n\t\t\t\t<div class=\"elementor-element elementor-element-23aaf1f3 color-scheme-inherit text-left elementor-widget elementor-widget-text-editor\" data-id=\"23aaf1f3\" data-element_type=\"widget\" data-widget_type=\"text-editor.default\">\n\t\t\t\t<div class=\"elementor-widget-container\">\n\t\t\t\t\t\t\t\t<div class=\"elementor-text-editor elementor-clearfix\">\n\t\t\t\t<h1 style=\"font-style: normal; font-variant-ligatures: normal; font-variant-caps: normal; text-align: center;\">Die Philosophie<\/h1><h5 style=\"font-style: normal; font-variant-ligatures: normal; font-variant-caps: normal; text-align: center;\">Die Grundlage f\u00fcr einen guten Wein wird im Weinberg gelegt. Nur eine gute Traube f\u00fchrt auch zu einem guten Wein. \u201eDie Natur bereitet die B\u00fchne, der Weinstock spielt die Hauptrolle, der Winzer ist der Regisseur\u2026\u201c<\/h5>\t\t\t\t\t<\/div>\n\t\t\t\t\t\t<\/div>\n\t\t\t\t<\/div>\n\t\t\t\t\t\t<\/div>\n\t\t\t\t\t<\/div>\n\t\t<\/div>\n\t\t\t\t<div class=\"elementor-column elementor-col-33 elementor-top-column elementor-element elementor-element-673bfa93\" data-id=\"673bfa93\" data-element_type=\"column\">\n\t\t\t<div class=\"elementor-column-wrap elementor-element-populated\">\n\t\t\t\t\t\t\t<div class=\"elementor-widget-wrap\">\n\t\t\t\t\t\t<div class=\"elementor-element elementor-element-25345880 elementor-widget__width-initial elementor-widget elementor-widget-google_maps\" data-id=\"25345880\" data-element_type=\"widget\" data-widget_type=\"google_maps.default\">\n\t\t\t\t<div class=\"elementor-widget-container\">\n\t\t\t\t\t<div class=\"elementor-custom-embed\">\n\t\t\t<iframe loading=\"lazy\"\n\t\t\t\t\tsrc=\"https:\/\/maps.google.com\/maps?q=Weingut%20Ludwig%20D%C3%B6ring&#038;t=m&#038;z=15&#038;output=embed&#038;iwloc=near\"\n\t\t\t\t\ttitle=\"Weingut Ludwig D\u00f6ring\"\n\t\t\t\t\taria-label=\"Weingut Ludwig D\u00f6ring\"\n\t\t\t><\/iframe>\n\t\t<\/div>\n\t\t\t\t<\/div>\n\t\t\t\t<\/div>\n\t\t\t\t<div class=\"elementor-element elementor-element-22b9e56b color-scheme-inherit text-left elementor-widget elementor-widget-text-editor\" data-id=\"22b9e56b\" data-element_type=\"widget\" data-widget_type=\"text-editor.default\">\n\t\t\t\t<div class=\"elementor-widget-container\">\n\t\t\t\t\t\t\t\t<div class=\"elementor-text-editor elementor-clearfix\">\n\t\t\t\t<p>Sie m\u00f6chten bei uns vorbeikommen?<br \/>Wir sind meist zu festen Zeiten f\u00fcr Sie da:<br \/>Freitags von 14 bis 18 Uhr &amp;<br \/>Samstags von 13 bis 18 Uhr<br \/>Am besten Sie melden sich kurz telefonisch<br \/>oder per E-Mail an.<\/p>\t\t\t\t\t<\/div>\n\t\t\t\t\t\t<\/div>\n\t\t\t\t<\/div>\n\t\t\t\t<div class=\"elementor-element elementor-element-314f22a elementor-icon-list--layout-traditional elementor-list-item-link-full_width elementor-widget elementor-widget-icon-list\" data-id=\"314f22a\" data-element_type=\"widget\" data-widget_type=\"icon-list.default\">\n\t\t\t\t<div class=\"elementor-widget-container\">\n\t\t\t\t\t<ul class=\"elementor-icon-list-items\">\n\t\t\t\t\t\t\t<li class=\"elementor-icon-list-item\">\n\t\t\t\t\t\t\t\t\t\t\t<span class=\"elementor-icon-list-icon\">\n\t\t\t\t\t\t\t<i aria-hidden=\"true\" class=\"fas fa-home\"><\/i>\t\t\t\t\t\t<\/span>\n\t\t\t\t\t\t\t\t\t\t<span class=\"elementor-icon-list-text\">Weingut Ludwig D\u00f6ring  Andergasse 45 | D-67434  Neustadt - Hambach<\/span>\n\t\t\t\t\t\t\t\t\t<\/li>\n\t\t\t\t\t\t\t\t<li class=\"elementor-icon-list-item\">\n\t\t\t\t\t\t\t\t\t\t\t<a href=\"\" target=\"_blank\">\n\n\t\t\t\t\t\t\t\t\t\t\t\t<span class=\"elementor-icon-list-icon\">\n\t\t\t\t\t\t\t<i aria-hidden=\"true\" class=\"fas fa-phone-alt\"><\/i>\t\t\t\t\t\t<\/span>\n\t\t\t\t\t\t\t\t\t\t<span class=\"elementor-icon-list-text\">Tel: +49 6321.80244<\/span>\n\t\t\t\t\t\t\t\t\t\t\t<\/a>\n\t\t\t\t\t\t\t\t\t<\/li>\n\t\t\t\t\t\t\t\t<li class=\"elementor-icon-list-item\">\n\t\t\t\t\t\t\t\t\t\t\t<span class=\"elementor-icon-list-icon\">\n\t\t\t\t\t\t\t<i aria-hidden=\"true\" class=\"fas fa-fax\"><\/i>\t\t\t\t\t\t<\/span>\n\t\t\t\t\t\t\t\t\t\t<span class=\"elementor-icon-list-text\">Fax: +49 151.63306876<\/span>\n\t\t\t\t\t\t\t\t\t<\/li>\n\t\t\t\t\t\t\t\t<li class=\"elementor-icon-list-item\">\n\t\t\t\t\t\t\t\t\t\t\t<a href=\"mailto:info@weingut-ludwig-doering.de\" target=\"_blank\">\n\n\t\t\t\t\t\t\t\t\t\t\t\t<span class=\"elementor-icon-list-icon\">\n\t\t\t\t\t\t\t<i aria-hidden=\"true\" class=\"far fa-envelope\"><\/i>\t\t\t\t\t\t<\/span>\n\t\t\t\t\t\t\t\t\t\t<span class=\"elementor-icon-list-text\">E-Mail: info@weingut-ludwig-doering.de<\/span>\n\t\t\t\t\t\t\t\t\t\t\t<\/a>\n\t\t\t\t\t\t\t\t\t<\/li>\n\t\t\t\t\t\t<\/ul>\n\t\t\t\t<\/div>\n\t\t\t\t<\/div>\n\t\t\t\t\t\t<\/div>\n\t\t\t\t\t<\/div>\n\t\t<\/div>\n\t\t\t\t\t\t\t\t<\/div>\n\t\t\t\t\t<\/div>\n\t\t<\/section>\n\t\t\t\t\t\t\t\t\t<\/div>\n\t\t\t<\/div>\n\t\t\t\t\t<\/div>\n\t\t","protected":false},"excerpt":{"rendered":"<ul>\n<li>wei\u00df aus eigenem Lesegut<\/li>\n<li>0,75l<\/li>\n<li>1l=3,73 \u20ac<\/li>\n<\/ul>\n","protected":false},"featured_media":10113,"comment_status":"closed","ping_status":"closed","template":"","meta":[],"product_cat":[15],"product_tag":[121,141],"yoast_head":"<!-- This site is optimized with the Yoast SEO plugin v19.14 - https:\/\/yoast.com\/wordpress\/plugins\/seo\/ -->\n<title>Pf\u00e4lzer Traubensaft - Shop | Weingut Ludwig D\u00f6ring<\/title>\n<meta name=\"robots\" content=\"index, follow, max-snippet:-1, max-image-preview:large, max-video-preview:-1\" \/>\n<link rel=\"canonical\" href=\"https:\/\/shop.weingut-ludwig-doering.de\/?product=pfaelzer-traubensaft\" \/>\n<meta property=\"og:locale\" content=\"de_DE\" \/>\n<meta property=\"og:type\" content=\"article\" \/>\n<meta property=\"og:title\" content=\"Pf\u00e4lzer Traubensaft - Shop | Weingut Ludwig D\u00f6ring\" \/>\n<meta property=\"og:description\" content=\"wei\u00df aus eigenem Lesegut  0,75l  1l=3,73 \u20ac\" \/>\n<meta property=\"og:url\" content=\"https:\/\/shop.weingut-ludwig-doering.de\/?product=pfaelzer-traubensaft\" \/>\n<meta property=\"og:site_name\" content=\"Shop | Weingut Ludwig D\u00f6ring\" \/>\n<meta property=\"article:publisher\" content=\"https:\/\/de-de.facebook.com\/pages\/category\/Wine-Spirits\/Weingut-Ludwig-D%c3%b6ring-119060154852561\/\" \/>\n<meta property=\"article:modified_time\" content=\"2026-04-03T19:46:13+00:00\" \/>\n<meta property=\"og:image\" content=\"https:\/\/shop.weingut-ludwig-doering.de\/wp-content\/uploads\/2021\/05\/WLD-2021-35-scaled.jpg\" \/>\n\t<meta property=\"og:image:width\" content=\"1600\" \/>\n\t<meta property=\"og:image:height\" content=\"2560\" \/>\n\t<meta property=\"og:image:type\" content=\"image\/jpeg\" \/>\n<meta name=\"twitter:card\" content=\"summary_large_image\" \/>\n<meta name=\"twitter:label1\" content=\"Gesch\u00e4tzte Lesezeit\" \/>\n\t<meta name=\"twitter:data1\" content=\"2\u00a0Minuten\" \/>\n<script type=\"application\/ld+json\" class=\"yoast-schema-graph\">{\"@context\":\"https:\/\/schema.org\",\"@graph\":[{\"@type\":\"WebPage\",\"@id\":\"https:\/\/shop.weingut-ludwig-doering.de\/?product=pfaelzer-traubensaft\",\"url\":\"https:\/\/shop.weingut-ludwig-doering.de\/?product=pfaelzer-traubensaft\",\"name\":\"Pf\u00e4lzer Traubensaft - Shop | Weingut Ludwig D\u00f6ring\",\"isPartOf\":{\"@id\":\"https:\/\/shop.weingut-ludwig-doering.de\/#website\"},\"datePublished\":\"2020-10-25T19:20:51+00:00\",\"dateModified\":\"2026-04-03T19:46:13+00:00\",\"breadcrumb\":{\"@id\":\"https:\/\/shop.weingut-ludwig-doering.de\/?product=pfaelzer-traubensaft#breadcrumb\"},\"inLanguage\":\"de\",\"potentialAction\":[{\"@type\":\"ReadAction\",\"target\":[\"https:\/\/shop.weingut-ludwig-doering.de\/?product=pfaelzer-traubensaft\"]}]},{\"@type\":\"BreadcrumbList\",\"@id\":\"https:\/\/shop.weingut-ludwig-doering.de\/?product=pfaelzer-traubensaft#breadcrumb\",\"itemListElement\":[{\"@type\":\"ListItem\",\"position\":1,\"name\":\"Startseite\",\"item\":\"https:\/\/shop.weingut-ludwig-doering.de\/\"},{\"@type\":\"ListItem\",\"position\":2,\"name\":\"Shop\",\"item\":\"https:\/\/shop.weingut-ludwig-doering.de\/\"},{\"@type\":\"ListItem\",\"position\":3,\"name\":\"Pf\u00e4lzer Traubensaft\"}]},{\"@type\":\"WebSite\",\"@id\":\"https:\/\/shop.weingut-ludwig-doering.de\/#website\",\"url\":\"https:\/\/shop.weingut-ludwig-doering.de\/\",\"name\":\"Shop | Weingut Ludwig D\u00f6ring\",\"description\":\"Offizieller Online-Shop des Weinguts Ludwig D\u00f6ring\",\"publisher\":{\"@id\":\"https:\/\/shop.weingut-ludwig-doering.de\/#organization\"},\"potentialAction\":[{\"@type\":\"SearchAction\",\"target\":{\"@type\":\"EntryPoint\",\"urlTemplate\":\"https:\/\/shop.weingut-ludwig-doering.de\/?s={search_term_string}\"},\"query-input\":\"required name=search_term_string\"}],\"inLanguage\":\"de\"},{\"@type\":\"Organization\",\"@id\":\"https:\/\/shop.weingut-ludwig-doering.de\/#organization\",\"name\":\"Weingut Ludwig D\u00f6ring\",\"url\":\"https:\/\/shop.weingut-ludwig-doering.de\/\",\"logo\":{\"@type\":\"ImageObject\",\"inLanguage\":\"de\",\"@id\":\"https:\/\/shop.weingut-ludwig-doering.de\/#\/schema\/logo\/image\/\",\"url\":\"https:\/\/i0.wp.com\/shop.weingut-ludwig-doering.de\/wp-content\/uploads\/2020\/09\/Logo-Footer-3.png?fit=622%2C777&ssl=1\",\"contentUrl\":\"https:\/\/i0.wp.com\/shop.weingut-ludwig-doering.de\/wp-content\/uploads\/2020\/09\/Logo-Footer-3.png?fit=622%2C777&ssl=1\",\"width\":622,\"height\":777,\"caption\":\"Weingut Ludwig D\u00f6ring\"},\"image\":{\"@id\":\"https:\/\/shop.weingut-ludwig-doering.de\/#\/schema\/logo\/image\/\"},\"sameAs\":[\"https:\/\/www.instagram.com\/weingut_ludwig_doering\/\",\"https:\/\/de-de.facebook.com\/pages\/category\/Wine-Spirits\/Weingut-Ludwig-D\u00f6ring-119060154852561\/\"]}]}<\/script>\n<!-- \/ Yoast SEO plugin. -->","yoast_head_json":{"title":"Pf\u00e4lzer Traubensaft - Shop | Weingut Ludwig D\u00f6ring","robots":{"index":"index","follow":"follow","max-snippet":"max-snippet:-1","max-image-preview":"max-image-preview:large","max-video-preview":"max-video-preview:-1"},"canonical":"https:\/\/shop.weingut-ludwig-doering.de\/?product=pfaelzer-traubensaft","og_locale":"de_DE","og_type":"article","og_title":"Pf\u00e4lzer Traubensaft - Shop | Weingut Ludwig D\u00f6ring","og_description":"wei\u00df aus eigenem Lesegut  0,75l  1l=3,73 \u20ac","og_url":"https:\/\/shop.weingut-ludwig-doering.de\/?product=pfaelzer-traubensaft","og_site_name":"Shop | Weingut Ludwig D\u00f6ring","article_publisher":"https:\/\/de-de.facebook.com\/pages\/category\/Wine-Spirits\/Weingut-Ludwig-D%c3%b6ring-119060154852561\/","article_modified_time":"2026-04-03T19:46:13+00:00","og_image":[{"width":1600,"height":2560,"url":"https:\/\/shop.weingut-ludwig-doering.de\/wp-content\/uploads\/2021\/05\/WLD-2021-35-scaled.jpg","type":"image\/jpeg"}],"twitter_card":"summary_large_image","twitter_misc":{"Gesch\u00e4tzte Lesezeit":"2\u00a0Minuten"},"schema":{"@context":"https:\/\/schema.org","@graph":[{"@type":"WebPage","@id":"https:\/\/shop.weingut-ludwig-doering.de\/?product=pfaelzer-traubensaft","url":"https:\/\/shop.weingut-ludwig-doering.de\/?product=pfaelzer-traubensaft","name":"Pf\u00e4lzer Traubensaft - Shop | Weingut Ludwig D\u00f6ring","isPartOf":{"@id":"https:\/\/shop.weingut-ludwig-doering.de\/#website"},"datePublished":"2020-10-25T19:20:51+00:00","dateModified":"2026-04-03T19:46:13+00:00","breadcrumb":{"@id":"https:\/\/shop.weingut-ludwig-doering.de\/?product=pfaelzer-traubensaft#breadcrumb"},"inLanguage":"de","potentialAction":[{"@type":"ReadAction","target":["https:\/\/shop.weingut-ludwig-doering.de\/?product=pfaelzer-traubensaft"]}]},{"@type":"BreadcrumbList","@id":"https:\/\/shop.weingut-ludwig-doering.de\/?product=pfaelzer-traubensaft#breadcrumb","itemListElement":[{"@type":"ListItem","position":1,"name":"Startseite","item":"https:\/\/shop.weingut-ludwig-doering.de\/"},{"@type":"ListItem","position":2,"name":"Shop","item":"https:\/\/shop.weingut-ludwig-doering.de\/"},{"@type":"ListItem","position":3,"name":"Pf\u00e4lzer Traubensaft"}]},{"@type":"WebSite","@id":"https:\/\/shop.weingut-ludwig-doering.de\/#website","url":"https:\/\/shop.weingut-ludwig-doering.de\/","name":"Shop | Weingut Ludwig D\u00f6ring","description":"Offizieller Online-Shop des Weinguts Ludwig D\u00f6ring","publisher":{"@id":"https:\/\/shop.weingut-ludwig-doering.de\/#organization"},"potentialAction":[{"@type":"SearchAction","target":{"@type":"EntryPoint","urlTemplate":"https:\/\/shop.weingut-ludwig-doering.de\/?s={search_term_string}"},"query-input":"required name=search_term_string"}],"inLanguage":"de"},{"@type":"Organization","@id":"https:\/\/shop.weingut-ludwig-doering.de\/#organization","name":"Weingut Ludwig D\u00f6ring","url":"https:\/\/shop.weingut-ludwig-doering.de\/","logo":{"@type":"ImageObject","inLanguage":"de","@id":"https:\/\/shop.weingut-ludwig-doering.de\/#\/schema\/logo\/image\/","url":"https:\/\/i0.wp.com\/shop.weingut-ludwig-doering.de\/wp-content\/uploads\/2020\/09\/Logo-Footer-3.png?fit=622%2C777&ssl=1","contentUrl":"https:\/\/i0.wp.com\/shop.weingut-ludwig-doering.de\/wp-content\/uploads\/2020\/09\/Logo-Footer-3.png?fit=622%2C777&ssl=1","width":622,"height":777,"caption":"Weingut Ludwig D\u00f6ring"},"image":{"@id":"https:\/\/shop.weingut-ludwig-doering.de\/#\/schema\/logo\/image\/"},"sameAs":["https:\/\/www.instagram.com\/weingut_ludwig_doering\/","https:\/\/de-de.facebook.com\/pages\/category\/Wine-Spirits\/Weingut-Ludwig-D\u00f6ring-119060154852561\/"]}]}},"_links":{"self":[{"href":"https:\/\/shop.weingut-ludwig-doering.de\/index.php?rest_route=\/wp\/v2\/product\/9725"}],"collection":[{"href":"https:\/\/shop.weingut-ludwig-doering.de\/index.php?rest_route=\/wp\/v2\/product"}],"about":[{"href":"https:\/\/shop.weingut-ludwig-doering.de\/index.php?rest_route=\/wp\/v2\/types\/product"}],"replies":[{"embeddable":true,"href":"https:\/\/shop.weingut-ludwig-doering.de\/index.php?rest_route=%2Fwp%2Fv2%2Fcomments&post=9725"}],"version-history":[{"count":8,"href":"https:\/\/shop.weingut-ludwig-doering.de\/index.php?rest_route=\/wp\/v2\/product\/9725\/revisions"}],"predecessor-version":[{"id":10839,"href":"https:\/\/shop.weingut-ludwig-doering.de\/index.php?rest_route=\/wp\/v2\/product\/9725\/revisions\/10839"}],"wp:featuredmedia":[{"embeddable":true,"href":"https:\/\/shop.weingut-ludwig-doering.de\/index.php?rest_route=\/wp\/v2\/media\/10113"}],"wp:attachment":[{"href":"https:\/\/shop.weingut-ludwig-doering.de\/index.php?rest_route=%2Fwp%2Fv2%2Fmedia&parent=9725"}],"wp:term":[{"taxonomy":"product_cat","embeddable":true,"href":"https:\/\/shop.weingut-ludwig-doering.de\/index.php?rest_route=%2Fwp%2Fv2%2Fproduct_cat&post=9725"},{"taxonomy":"product_tag","embeddable":true,"href":"https:\/\/shop.weingut-ludwig-doering.de\/index.php?rest_route=%2Fwp%2Fv2%2Fproduct_tag&post=9725"}],"curies":[{"name":"wp","href":"https:\/\/api.w.org\/{rel}","templated":true}]}}